{"id":86,"date":"2021-06-20T07:34:44","date_gmt":"2021-06-20T07:34:44","guid":{"rendered":"https:\/\/casticino.ch\/?page_id=86"},"modified":"2025-07-03T09:23:45","modified_gmt":"2025-07-03T07:23:45","slug":"sezione","status":"publish","type":"page","link":"https:\/\/casticino.ch\/?page_id=86","title":{"rendered":"SEZIONE"},"content":{"rendered":"\n<div class=\"wp-block-ugb-columns ugb-columns ugb-6490f90 ugb-columns--design-plain ugb-columns--columns-2 ugb-main-block\"><style>.ugb-6490f90 > .ugb-inner-block > .ugb-block-content > .ugb-columns__item{grid-template-columns:1.34fr 0.66fr !important}.ugb-6490f90-content-wrapper > .ugb-column{align-items:flex-start !important}.ugb-6490f90-content-wrapper > .ugb-column > .ugb-inner-block{height:auto !important}.ugb-6490f90 .ugb-inner-block{text-align:left}@media screen and (min-width:768px){.ugb-6490f90.ugb-columns{margin-top:-32px !important;margin-bottom:-4px !important}}<\/style><div class=\"ugb-inner-block\"><div class=\"ugb-block-content\"><div class=\"ugb-columns__item ugb-6490f90-content-wrapper\">\n<div class=\"wp-block-ugb-column ugb-column ugb-c126be3 ugb-column--design-plain ugb-main-block\"><style>.ugb-c126be3 > .ugb-inner-block > .ugb-block-content > *{justify-content:flex-start !important}<\/style><div class=\"ugb-inner-block\"><div class=\"ugb-block-content\"><div class=\"ugb-column__item ugb-c126be3-column-wrapper\"><div class=\"ugb-column__content-wrapper\">\n<h3 class=\"wp-block-heading\">Club Alpino Svizzero sezione Ticino<\/h3>\n\n\n\n<p><\/p>\n\n\n\n<p>La Sezione Ticino del Club Alpino Svizzero (CAS) \u00e8 stata fondata l&#8217;11 aprile 1886 a Bellinzona.<\/p>\n\n\n\n<p>Con quasi 3000 soci, la Sezione ha un&#8217;attivit\u00e0 molto varia, in grado di suscitare l&#8217;interesse di tutte le et\u00e0, dai pi\u00f9 piccini agli anziani.<br>Vengono, infatti, proposte gite di escursionismo, d&#8217;alpinismo, di rampichino, di sci alpinismo, racchette e uscite d&#8217;arrampicata su roccia e su ghiaccio.<\/p>\n\n\n\n<p>Ai principianti si rivolge particolare attenzione durante i corsi d&#8217;introduzione all&#8217;alpinismo, allo sci alpinismo, alle racchette  e all&#8217;arrampicata outdoor.<br>La Sezione si occupa anche della gestione e della manutenzione delle proprie sei capanne, la Campo Tencia, la Cristallina, l&#8217;Adula, la Michela, la Monte Bar e la Baita del Luca.<\/p>\n\n\n\n<p>Fra i suoi scopi vi \u00e8 inoltre l&#8217;organizzazione del soccorso alpino nella regione del Sottoceneri, il promovimento del rispetto e della protezione della natura ed in particolar modo della cultura concernente il mondo della montagna.<br>Tutte queste attivit\u00e0 sono realizzate grazie alla supervisione di un comitato, composto dai responsabili delle singole attivit\u00e0, e alla collaborazione volontaria dei soci.<\/p>\n\n\n\n<p>L&#8217;informazione avviene soprattutto per tramite del programma gite, del sito&nbsp;internet, del periodico&nbsp;semestrale e di un annuario che riassume un anno di vita della Sezione.<\/p>\n<\/div><\/div><\/div><\/div><\/div>\n\n\n\n<div class=\"wp-block-ugb-column ugb-column ugb-4a2f756 ugb-column--design-plain ugb-main-block\"><style>.ugb-4a2f756 > .ugb-inner-block > .ugb-block-content > *{justify-content:flex-start !important}@media screen and (min-width:768px){.ugb-4a2f756 > .ugb-inner-block > .ugb-block-content > *{padding-top:0px !important;padding-bottom:0px !important;padding-right:0px !important;padding-left:0px !important}}<\/style><div class=\"ugb-inner-block\"><div class=\"ugb-block-content\"><div class=\"ugb-column__item ugb-4a2f756-column-wrapper\"><div class=\"ugb-column__content-wrapper\">\n<div class=\"aligncenter wp-block-ugb-button ugb-button-wrapper ugb-b1a3bc4 ugb-button--design-fullwidth ugb-main-block\"><style>.ugb-b1a3bc4 .ugb-button1{background-color:#477081}.ugb-b1a3bc4 .ugb-button1 .ugb-button--inner,.ugb-b1a3bc4 .ugb-button1 svg:not(.ugb-custom-icon){color:#ffffff !important}.ugb-b1a3bc4 .ugb-button1:hover .ugb-button--inner,.ugb-b1a3bc4 .ugb-button1:hover svg:not(.ugb-custom-icon){color:#ffffff !important}.ugb-b1a3bc4 .ugb-button1:hover{background-color:#984f05;opacity:1}@media screen and (min-width:768px){.ugb-b1a3bc4.ugb-button-wrapper{margin-bottom:0px !important}}<\/style><div class=\"ugb-inner-block\"><div class=\"ugb-block-content\"><div class=\"ugb-button-container\"><a class=\"ugb-button1 ugb-button ugb-button--size-normal ugb--hover-effect-scale ugb-button--has-icon\" href=\"https:\/\/casticino.ch\/wp-content\/uploads\/2025\/03\/Statuto-CAS-TI.pdf\" target=\"_blank\" rel=\"noopener noreferrer\" title=\"\"><div class=\"ugb-icon-inner-svg\"><svg data-prefix=\"far\" data-icon=\"file\" class=\"svg-inline--fa fa-file fa-w-12\" role=\"img\" xmlns=\"http:\/\/www.w3.org\/2000\/svg\" viewBox=\"0 0 384 512\"><path fill=\"currentColor\" d=\"M369.9 97.9L286 14C277 5 264.8-.1 252.1-.1H48C21.5 0 0 21.5 0 48v416c0 26.5 21.5 48 48 48h288c26.5 0 48-21.5 48-48V131.9c0-12.7-5.1-25-14.1-34zM332.1 128H256V51.9l76.1 76.1zM48 464V48h160v104c0 13.3 10.7 24 24 24h104v288H48z\"><\/path><\/svg><\/div><span class=\"ugb-button--inner\">STATUTO<\/span><\/a><\/div><\/div><\/div><\/div>\n\n\n\n<div class=\"wp-block-ugb-button ugb-button-wrapper ugb-fb070da ugb-button--design-fullwidth ugb-main-block\"><style>.ugb-fb070da .ugb-button1{background-color:#477081}.ugb-fb070da .ugb-button1 .ugb-button--inner,.ugb-fb070da .ugb-button1 svg:not(.ugb-custom-icon){color:#ffffff !important}.ugb-fb070da .ugb-button1:hover .ugb-button--inner,.ugb-fb070da .ugb-button1:hover svg:not(.ugb-custom-icon){color:#ffffff !important}.ugb-fb070da .ugb-button1:hover{background-color:#984f05;opacity:1}@media screen and (min-width:768px){.ugb-fb070da.ugb-button-wrapper{margin-bottom:0px !important}}<\/style><div class=\"ugb-inner-block\"><div class=\"ugb-block-content\"><div class=\"ugb-button-container\"><a class=\"ugb-button1 ugb-button ugb-button--size-normal ugb-button--has-icon\" href=\"https:\/\/casticino.ch\/wp-content\/uploads\/2021\/08\/visione_e_strategiaCAS.pdf\" target=\"_blank\" rel=\"noopener noreferrer\" title=\"\"><div class=\"ugb-icon-inner-svg\"><svg data-prefix=\"far\" data-icon=\"file\" class=\"svg-inline--fa fa-file fa-w-12\" role=\"img\" xmlns=\"http:\/\/www.w3.org\/2000\/svg\" viewBox=\"0 0 384 512\"><path fill=\"currentColor\" d=\"M369.9 97.9L286 14C277 5 264.8-.1 252.1-.1H48C21.5 0 0 21.5 0 48v416c0 26.5 21.5 48 48 48h288c26.5 0 48-21.5 48-48V131.9c0-12.7-5.1-25-14.1-34zM332.1 128H256V51.9l76.1 76.1zM48 464V48h160v104c0 13.3 10.7 24 24 24h104v288H48z\"><\/path><\/svg><\/div><span class=\"ugb-button--inner\">VISIONE E STRATEGIA<\/span><\/a><\/div><\/div><\/div><\/div>\n\n\n\n<div class=\"wp-block-ugb-button ugb-button-wrapper ugb-4d6e742 ugb-button--design-fullwidth ugb-main-block\"><style>.ugb-4d6e742 .ugb-button1{background-color:#477081}.ugb-4d6e742 .ugb-button1 .ugb-button--inner,.ugb-4d6e742 .ugb-button1 svg:not(.ugb-custom-icon){color:#ffffff !important}.ugb-4d6e742 .ugb-button1:hover .ugb-button--inner,.ugb-4d6e742 .ugb-button1:hover svg:not(.ugb-custom-icon){color:#ffffff !important}.ugb-4d6e742 .ugb-button1:hover{background-color:#984f05;opacity:1}<\/style><div class=\"ugb-inner-block\"><div class=\"ugb-block-content\"><div class=\"ugb-button-container\"><a class=\"ugb-button1 ugb-button ugb-button--size-normal ugb-button--has-icon\" href=\"https:\/\/casticino.ch\/wp-content\/uploads\/2025\/07\/Organigramma-CAS.pdf\" target=\"_blank\" rel=\"noopener noreferrer\" title=\"\"><div class=\"ugb-icon-inner-svg\"><svg data-prefix=\"far\" data-icon=\"file\" class=\"svg-inline--fa fa-file fa-w-12\" role=\"img\" xmlns=\"http:\/\/www.w3.org\/2000\/svg\" viewBox=\"0 0 384 512\"><path fill=\"currentColor\" d=\"M369.9 97.9L286 14C277 5 264.8-.1 252.1-.1H48C21.5 0 0 21.5 0 48v416c0 26.5 21.5 48 48 48h288c26.5 0 48-21.5 48-48V131.9c0-12.7-5.1-25-14.1-34zM332.1 128H256V51.9l76.1 76.1zM48 464V48h160v104c0 13.3 10.7 24 24 24h104v288H48z\"><\/path><\/svg><\/div><span class=\"ugb-button--inner\">ORGANIGRAMMA<\/span><\/a><\/div><\/div><\/div><\/div>\n<\/div><\/div><\/div><\/div><\/div>\n<\/div><\/div><\/div><\/div>\n\n\n\n<div class=\"wp-block-columns is-layout-flex wp-container-core-columns-is-layout-9d6595d7 wp-block-columns-is-layout-flex\">\n<div class=\"wp-block-column is-layout-flow wp-block-column-is-layout-flow\"><\/div>\n<\/div>\n","protected":false},"excerpt":{"rendered":"<p>Club Alpino Svizzero sezione Ticino La Sezione Ticino del Club Alpino Svizzero (CAS) \u00e8 stata fondata l&#8217;11 aprile 1886 a Bellinzona. Con quasi 3000 soci, la Sezione ha un&#8217;attivit\u00e0 molto varia, in grado di suscitare l&#8217;interesse di tutte le et\u00e0, dai pi\u00f9 piccini agli anziani.Vengono, infatti, proposte gite di escursionismo, d&#8217;alpinismo, di rampichino, di sci [&hellip;]<\/p>\n","protected":false},"author":2,"featured_media":0,"parent":0,"menu_order":0,"comment_status":"closed","ping_status":"closed","template":"","meta":{"footnotes":""},"class_list":["post-86","page","type-page","status-publish","hentry"],"featured_image_urls_v2":{"full":"","thumbnail":"","medium":"","medium_large":"","large":"","1536x1536":"","2048x2048":"","psacp-medium":""},"post_excerpt_stackable_v2":"<p>Club Alpino Svizzero sezione Ticino La Sezione Ticino del Club Alpino Svizzero (CAS) \u00e8 stata fondata l&#8217;11 aprile 1886 a Bellinzona. Con quasi 3000 soci, la Sezione ha un&#8217;attivit\u00e0 molto varia, in grado di suscitare l&#8217;interesse di tutte le et\u00e0, dai pi\u00f9 piccini agli anziani.Vengono, infatti, proposte gite di escursionismo, d&#8217;alpinismo, di rampichino, di sci alpinismo, racchette e uscite d&#8217;arrampicata su roccia e su ghiaccio. Ai principianti si rivolge particolare attenzione durante i corsi d&#8217;introduzione all&#8217;alpinismo, allo sci alpinismo, alle racchette e all&#8217;arrampicata outdoor.La Sezione si occupa anche della gestione e della manutenzione delle proprie sei capanne, la Campo Tencia,&hellip;<\/p>\n","category_list_v2":"","author_info_v2":{"name":"Valeria Demarta","url":"https:\/\/casticino.ch\/?author=2"},"comments_num_v2":"0 commenti","_links":{"self":[{"href":"https:\/\/casticino.ch\/index.php?rest_route=\/wp\/v2\/pages\/86","targetHints":{"allow":["GET"]}}],"collection":[{"href":"https:\/\/casticino.ch\/index.php?rest_route=\/wp\/v2\/pages"}],"about":[{"href":"https:\/\/casticino.ch\/index.php?rest_route=\/wp\/v2\/types\/page"}],"author":[{"embeddable":true,"href":"https:\/\/casticino.ch\/index.php?rest_route=\/wp\/v2\/users\/2"}],"replies":[{"embeddable":true,"href":"https:\/\/casticino.ch\/index.php?rest_route=%2Fwp%2Fv2%2Fcomments&post=86"}],"version-history":[{"count":5,"href":"https:\/\/casticino.ch\/index.php?rest_route=\/wp\/v2\/pages\/86\/revisions"}],"predecessor-version":[{"id":5328,"href":"https:\/\/casticino.ch\/index.php?rest_route=\/wp\/v2\/pages\/86\/revisions\/5328"}],"wp:attachment":[{"href":"https:\/\/casticino.ch\/index.php?rest_route=%2Fwp%2Fv2%2Fmedia&parent=86"}],"curies":[{"name":"wp","href":"https:\/\/api.w.org\/{rel}","templated":true}]}}