{"id":84,"date":"2021-06-20T07:34:07","date_gmt":"2021-06-20T07:34:07","guid":{"rendered":"https:\/\/casticino.ch\/?page_id=84"},"modified":"2025-06-18T09:29:01","modified_gmt":"2025-06-18T07:29:01","slug":"seniori","status":"publish","type":"page","link":"https:\/\/casticino.ch\/?page_id=84","title":{"rendered":"SENIORI"},"content":{"rendered":"\n<h3 class=\"wp-block-heading\" id=\"attivita-seniori\">Attivit\u00e0 Seniori<\/h3>\n\n\n\n<div class=\"wp-block-ugb-spacer ugb-spacer ugb-2a08db0 ugb-spacer--v2 ugb-main-block\"><div class=\"ugb-inner-block\"><div class=\"ugb-block-content\"><div class=\"ugb-spacer--inner\"><\/div><\/div><\/div><\/div>\n\n\n\n<h3 class=\"wp-block-heading\" id=\"chi-siamo\"><strong>Chi siamo?<\/strong><\/h3>\n\n\n\n<p><\/p>\n\n\n\n<p>Un gruppo di non pi\u00f9 giovani con la passione per le montagne che intende continuare l\u2019attivit\u00e0 anche con il passare del&nbsp;tempo.<\/p>\n\n\n\n<div class=\"wp-block-ugb-spacer ugb-spacer ugb-e9e52ab ugb-spacer--v2 ugb-main-block\"><div class=\"ugb-inner-block\"><div class=\"ugb-block-content\"><div class=\"ugb-spacer--inner\"><\/div><\/div><\/div><\/div>\n\n\n\n<h3 class=\"wp-block-heading\" id=\"chi-puo-partecipare-al-gruppo-seniori\"><strong>Chi pu\u00f2 partecipare al gruppo seniori?<\/strong><\/h3>\n\n\n\n<p><\/p>\n\n\n\n<p>Tutti possono partecipare all\u2019attivit\u00e0 del gruppo Seniori a partire dai 60 anni purch\u00e9 membri della sezione CAS Ticino. <br>Per aderire al gruppo Seniori (senza alcuna tassa supplementare) \u00e8 necessario scrivere a <a href=\"mailto:segretariato.seniori@casticino.ch\">segretariato.seniori@casticino.ch<\/a> indicando:<br> &#8211; Cognome e nome, data di nascita<br>&#8211; Numero socio CAS<br>&#8211; Indirizzo privato<br>&#8211; Telefono cellulare e e-mail<br><\/p>\n\n\n\n<p>Le attivit\u00e0 del gruppo sono comunque aperte ad ogni socio della sezione.<\/p>\n\n\n\n<div class=\"wp-block-ugb-spacer ugb-spacer ugb-1a977d4 ugb-spacer--v2 ugb-main-block\"><div class=\"ugb-inner-block\"><div class=\"ugb-block-content\"><div class=\"ugb-spacer--inner\"><\/div><\/div><\/div><\/div>\n\n\n\n<h3 class=\"wp-block-heading\" id=\"quali-sono-le-nostre-attivita\"><strong>Quali sono le nostre attivit\u00e0?<\/strong><\/h3>\n\n\n\n<p><\/p>\n\n\n\n<p>Proponiamo gite e settimane escursionistiche adatte alle differenti attitudini&nbsp; fisiche dei partecipanti come:<br>&#8211; camminate con tempo bello o meno bello<br>&#8211; giri in mountain bike \/ e-bike<br>&#8211; gite con le ciaspole e pelli di foca<br><br>Le gite si effettuano di regola il gioved\u00ec.<\/p>\n\n\n\n<div class=\"wp-block-ugb-spacer ugb-spacer ugb-7706e16 ugb-spacer--v2 ugb-main-block\"><div class=\"ugb-inner-block\"><div class=\"ugb-block-content\"><div class=\"ugb-spacer--inner\"><\/div><\/div><\/div><\/div>\n\n\n\n<h3 class=\"wp-block-heading\" id=\"godiamo\"><strong>Godiamo:<\/strong><\/h3>\n\n\n\n<p><\/p>\n\n\n\n<p>la bellezza della natura,&nbsp;i piaceri della tavola,&nbsp;la nostra storia&nbsp;e le nostre tradizioni.<\/p>\n\n\n\n<div class=\"wp-block-ugb-spacer ugb-spacer ugb-64fb4d8 ugb-spacer--v2 ugb-main-block\"><div class=\"ugb-inner-block\"><div class=\"ugb-block-content\"><div class=\"ugb-spacer--inner\"><\/div><\/div><\/div><\/div>\n\n\n\n<h3 class=\"wp-block-heading\" id=\"ritrovo\"><strong>Ritrovo<\/strong><\/h3>\n\n\n\n<p><\/p>\n\n\n\n<p>Ogni secondo e quarto mercoled\u00ec del mese, pranzo in comune presso il Bistrot Vecchio Torchio, via Luigi Taddei 4C, 6962 Viganello. Iscrizione entro luned\u00ec a Hanni Vanossi 076 397 33 90 o direttamente al ristorante Bistrot Vecchio 091 972 10 10.<\/p>\n\n\n\n<div class=\"wp-block-ugb-spacer ugb-spacer ugb-4cac0a0 ugb-spacer--v2 ugb-main-block\"><div class=\"ugb-inner-block\"><div class=\"ugb-block-content\"><div class=\"ugb-spacer--inner\"><\/div><\/div><\/div><\/div>\n\n\n\n<h3 class=\"wp-block-heading\" id=\"programma-gite\"><strong>Programma gite<\/strong><\/h3>\n\n\n\n<div style=\"height: 1000px;  width: 100%;\"> <iframe loading=\"lazy\" style=\"border: none; position: relative; width: 100%; height: 1000px;\" src=\"https:\/\/ssl.dropnet.ch\/casticino\/gite\/index.php?page=touren&amp;year=&amp;typ=&amp;gruppe=Seniori&amp;anlasstyp=&amp;suchstring=\" name=\"DropTours\" width=\"1000\" height=\"1000\">\n<p>Il tuo browser non supporta gli iframe<\/p>\n<p>&nbsp;<\/p><\/iframe>\n<\/div>\n","protected":false},"excerpt":{"rendered":"<p>Attivit\u00e0 Seniori Chi siamo? Un gruppo di non pi\u00f9 giovani con la passione per le montagne che intende continuare l\u2019attivit\u00e0 anche con il passare del&nbsp;tempo. Chi pu\u00f2 partecipare al gruppo seniori? Tutti possono partecipare all\u2019attivit\u00e0 del gruppo Seniori a partire dai 60 anni purch\u00e9 membri della sezione CAS Ticino. Per aderire al gruppo Seniori (senza [&hellip;]<\/p>\n","protected":false},"author":2,"featured_media":0,"parent":0,"menu_order":0,"comment_status":"closed","ping_status":"closed","template":"","meta":{"footnotes":""},"class_list":["post-84","page","type-page","status-publish","hentry"],"featured_image_urls_v2":{"full":"","thumbnail":"","medium":"","medium_large":"","large":"","1536x1536":"","2048x2048":"","psacp-medium":""},"post_excerpt_stackable_v2":"<p>Attivit\u00e0 Seniori Chi siamo? Un gruppo di non pi\u00f9 giovani con la passione per le montagne che intende continuare l\u2019attivit\u00e0 anche con il passare del&nbsp;tempo. Chi pu\u00f2 partecipare al gruppo seniori? Tutti possono partecipare all\u2019attivit\u00e0 del gruppo Seniori a partire dai 60 anni purch\u00e9 membri della sezione CAS Ticino. Per aderire al gruppo Seniori (senza alcuna tassa supplementare) \u00e8 necessario scrivere a segretariato.seniori@casticino.ch indicando: &#8211; Cognome e nome, data di nascita&#8211; Numero socio CAS&#8211; Indirizzo privato&#8211; Telefono cellulare e e-mail Le attivit\u00e0 del gruppo sono comunque aperte ad ogni socio della sezione. Quali sono le nostre attivit\u00e0? Proponiamo gite e&hellip;<\/p>\n","category_list_v2":"","author_info_v2":{"name":"Valeria Demarta","url":"https:\/\/casticino.ch\/?author=2"},"comments_num_v2":"0 commenti","_links":{"self":[{"href":"https:\/\/casticino.ch\/index.php?rest_route=\/wp\/v2\/pages\/84","targetHints":{"allow":["GET"]}}],"collection":[{"href":"https:\/\/casticino.ch\/index.php?rest_route=\/wp\/v2\/pages"}],"about":[{"href":"https:\/\/casticino.ch\/index.php?rest_route=\/wp\/v2\/types\/page"}],"author":[{"embeddable":true,"href":"https:\/\/casticino.ch\/index.php?rest_route=\/wp\/v2\/users\/2"}],"replies":[{"embeddable":true,"href":"https:\/\/casticino.ch\/index.php?rest_route=%2Fwp%2Fv2%2Fcomments&post=84"}],"version-history":[{"count":12,"href":"https:\/\/casticino.ch\/index.php?rest_route=\/wp\/v2\/pages\/84\/revisions"}],"predecessor-version":[{"id":5305,"href":"https:\/\/casticino.ch\/index.php?rest_route=\/wp\/v2\/pages\/84\/revisions\/5305"}],"wp:attachment":[{"href":"https:\/\/casticino.ch\/index.php?rest_route=%2Fwp%2Fv2%2Fmedia&parent=84"}],"curies":[{"name":"wp","href":"https:\/\/api.w.org\/{rel}","templated":true}]}}