{"id":4678,"date":"2024-03-22T16:16:45","date_gmt":"2024-03-22T15:16:45","guid":{"rendered":"https:\/\/casticino.ch\/?page_id=4678"},"modified":"2025-03-10T12:18:23","modified_gmt":"2025-03-10T11:18:23","slug":"noleggio-materiale","status":"publish","type":"page","link":"https:\/\/casticino.ch\/?page_id=4678","title":{"rendered":"NOLEGGIO MATERIALE"},"content":{"rendered":"\n<div class=\"wp-block-stackable-heading stk-block-heading stk-block-heading--v2 stk-block stk-3452b6e\" id=\"richiesta-materiale-per-attivita-sezionali-e-gite-private\" data-block-id=\"3452b6e\"><h2 class=\"stk-block-heading__text\">Richiesta materiale per attivit\u00e0 sezionali e gite private<\/h2><\/div>\n\n\n\n<div class=\"wp-block-stackable-text stk-block-text stk-block stk-f6f7780\" data-block-id=\"f6f7780\"><p class=\"stk-block-text__text has-text-align-justify\"><span style=\"color: #da1616;\" class=\"stk-highlight\">Il materiale cos\u00ec come il costo giornaliero sono indicati sul formulario lista materiale magazzino, disponibile al download:<\/span>\u00a0<a href=\"https:\/\/casticino.ch\/wp-content\/uploads\/2025\/03\/Lista-materiele-magazzino-CAS-Ticino_v3.pdf\" data-type=\"link\" data-id=\"https:\/\/casticino.ch\/wp-content\/uploads\/2025\/03\/Lista-materiele-magazzino-CAS-Ticino_v3.pdf\" target=\"_blank\" rel=\"noreferrer noopener\">link al formulario<\/a><\/p><\/div>\n\n\n\n<div class=\"wp-block-stackable-icon-box stk-block-icon-box stk-block stk-58ed656\" data-v=\"2\" data-block-id=\"58ed656\"><div class=\"stk-block-content stk-inner-blocks stk-block-icon-box__content stk-container stk-58ed656-container stk--no-background stk--no-padding\">\n<div class=\"wp-block-stackable-icon-label stk-block-icon-label stk-block stk-846d3b0\" data-block-id=\"846d3b0\"><style>.stk-846d3b0 {margin-bottom:0px !important;}<\/style><div class=\"stk-row stk-inner-blocks stk-block-content\">\n<div class=\"wp-block-stackable-icon stk-block-icon has-text-align-left stk-block stk-51247c0\" data-block-id=\"51247c0\"><span class=\"stk--svg-wrapper\"><div class=\"stk--inner-svg\"><svg style=\"height:0;width:0\"><defs><linearGradient id=\"linear-gradient-51247c0\" x1=\"0\" x2=\"100%\" y1=\"0\" y2=\"0\"><stop offset=\"0%\" style=\"stop-opacity:1;stop-color:var(--linear-gradient-51247-c-0-color-1)\"><\/stop><stop offset=\"100%\" style=\"stop-opacity:1;stop-color:var(--linear-gradient-51247-c-0-color-2)\"><\/stop><\/linearGradient><\/defs><\/svg><svg xmlns=\"http:\/\/www.w3.org\/2000\/svg\" viewBox=\"0 0 576 512\" aria-hidden=\"true\" width=\"32\" height=\"32\"><path d=\"M336 96c26.5 0 48-21.5 48-48S362.5 0 336 0s-48 21.5-48 48 21.5 48 48 48zm216 320c-13.2 0-24 10.7-24 24 0 13.2-10.8 24-24 24h-69.5L460 285.6c11.7-4.7 20.1-16.2 20.1-29.6 0-17.7-14.3-32-32-32h-44L378 170.8c-12.5-25.5-35.5-44.2-61.8-50.9L245 98.7c-28.3-6.8-57.8-.5-80.8 17.1l-39.7 30.4c-14 10.7-16.7 30.8-5.9 44.9.7.9 1.7 1.3 2.4 2.1L66.9 464H24c-13.2 0-24 10.7-24 24s10.8 24 24 24h480c39.7 0 72-32.3 72-72 0-13.2-10.8-24-24-24zm-260.5 48h-96.9l43.1-91-22-13c-12.1-7.2-21.9-16.9-29.5-27.8L123.7 464H99.5l52.3-261.4c4.1-1 8.1-2.9 11.7-5.6l39.7-30.4c7.7-5.9 17.4-8 25.3-6.1l14.7 4.4-37.5 87.4c-12.6 29.5-1.3 64 26.3 80.3l85 50.2-25.5 81.2zm110.6 0h-43.6l23.6-75.5c5.9-20.8-2.9-43.1-21.6-54.4L299.3 298l31.3-78.3 20.3 41.4c8 16.3 24.9 26.9 43.1 26.9h33.3l-25.2 176z\"><\/path><\/svg><\/div><\/span><\/div>\n\n\n\n<div class=\"wp-block-stackable-heading stk-block-heading stk-block-heading--v2 stk-block stk-75ca420\" id=\"discipline-di-applicazione\" data-block-id=\"75ca420\"><h4 class=\"stk-block-heading__text\">Discipline di applicazione <\/h4><\/div>\n<\/div><\/div>\n\n\n\n<p>Alpinismo     \/      Mountain bike     \/      Cascate di ghiaccio     \/      Scialpinismo<br>Arrampicata     \/      Racchette     \/      Escursionismo     \/      Bouldering<\/p>\n<\/div><\/div>\n\n\n\n<div class=\"wp-block-stackable-icon-box stk-block-icon-box stk-block stk-1338891\" data-v=\"2\" data-block-id=\"1338891\"><div class=\"stk-block-content stk-inner-blocks stk-block-icon-box__content stk-container stk-1338891-container stk--no-background stk--no-padding\">\n<div class=\"wp-block-stackable-icon-label stk-block-icon-label stk-block stk-03fe0ea\" data-block-id=\"03fe0ea\"><style>.stk-03fe0ea {margin-bottom:0px !important;}<\/style><div class=\"stk-row stk-inner-blocks stk-block-content\">\n<div class=\"wp-block-stackable-icon stk-block-icon has-text-align-left stk-block stk-a014cde\" data-block-id=\"a014cde\"><span class=\"stk--svg-wrapper\"><div class=\"stk--inner-svg\"><svg style=\"height:0;width:0\"><defs><linearGradient id=\"linear-gradient-a014cde\" x1=\"0\" x2=\"100%\" y1=\"0\" y2=\"0\"><stop offset=\"0%\" style=\"stop-opacity:1;stop-color:var(--linear-gradient-a-014-cde-color-1)\"><\/stop><stop offset=\"100%\" style=\"stop-opacity:1;stop-color:var(--linear-gradient-a-014-cde-color-2)\"><\/stop><\/linearGradient><\/defs><\/svg><svg xmlns=\"http:\/\/www.w3.org\/2000\/svg\" viewBox=\"0 0 576 512\" aria-hidden=\"true\" width=\"32\" height=\"32\"><path d=\"M160 448c-25.6 0-51.2-22.4-64-32-64-44.8-83.2-60.8-96-70.4V480c0 17.67 14.33 32 32 32h256c17.67 0 32-14.33 32-32V345.6c-12.8 9.6-32 25.6-96 70.4-12.8 9.6-38.4 32-64 32zm128-192H32c-17.67 0-32 14.33-32 32v16c25.6 19.2 22.4 19.2 115.2 86.4 9.6 6.4 28.8 25.6 44.8 25.6s35.2-19.2 44.8-22.4c92.8-67.2 89.6-67.2 115.2-86.4V288c0-17.67-14.33-32-32-32zm256-96H224c-17.67 0-32 14.33-32 32v32h96c33.21 0 60.59 25.42 63.71 57.82l.29-.22V416h192c17.67 0 32-14.33 32-32V192c0-17.67-14.33-32-32-32zm-32 128h-64v-64h64v64zm-352-96c0-35.29 28.71-64 64-64h224V32c0-17.67-14.33-32-32-32H96C78.33 0 64 14.33 64 32v192h96v-32z\"><\/path><\/svg><\/div><\/span><\/div>\n\n\n\n<div class=\"wp-block-stackable-heading stk-block-heading stk-block-heading--v2 stk-block stk-3c6a414\" id=\"contatto\" data-block-id=\"3c6a414\"><h4 class=\"stk-block-heading__text\">Contatto<\/h4><\/div>\n<\/div><\/div>\n\n\n\n<p>Le richieste di materiale sono da inoltrare via mail, whatsapp o telefonicamente al responsabile:<br>\u2713 Michele Foletti, tel. 079 241 69 55, mail: fole89@gmail.com.<\/p>\n<\/div><\/div>\n\n\n\n<div class=\"wp-block-stackable-icon-box stk-block-icon-box stk-block stk-fd57918\" data-v=\"2\" data-block-id=\"fd57918\"><div class=\"stk-block-content stk-inner-blocks stk-block-icon-box__content stk-container stk-fd57918-container stk--no-background stk--no-padding\">\n<div class=\"wp-block-stackable-icon-label stk-block-icon-label stk-block stk-4a88553\" data-block-id=\"4a88553\"><style>.stk-4a88553 {margin-bottom:0px !important;}<\/style><div class=\"stk-row stk-inner-blocks stk-block-content\">\n<div class=\"wp-block-stackable-icon stk-block-icon has-text-align-left stk-block stk-d18cb02\" data-block-id=\"d18cb02\"><span class=\"stk--svg-wrapper\"><div class=\"stk--inner-svg\"><svg style=\"height:0;width:0\"><defs><linearGradient id=\"linear-gradient-d18cb02\" x1=\"0\" x2=\"100%\" y1=\"0\" y2=\"0\"><stop offset=\"0%\" style=\"stop-opacity:1;stop-color:var(--linear-gradient-d-18-cb-02-color-1)\"><\/stop><stop offset=\"100%\" style=\"stop-opacity:1;stop-color:var(--linear-gradient-d-18-cb-02-color-2)\"><\/stop><\/linearGradient><\/defs><\/svg><svg xmlns=\"http:\/\/www.w3.org\/2000\/svg\" viewBox=\"0 0 384 512\" aria-hidden=\"true\" width=\"32\" height=\"32\"><path d=\"M172.268 501.67C26.97 291.031 0 269.413 0 192 0 85.961 85.961 0 192 0s192 85.961 192 192c0 77.413-26.97 99.031-172.268 309.67-9.535 13.774-29.93 13.773-39.464 0zM192 272c44.183 0 80-35.817 80-80s-35.817-80-80-80-80 35.817-80 80 35.817 80 80 80z\"><\/path><\/svg><\/div><\/span><\/div>\n\n\n\n<div class=\"wp-block-stackable-heading stk-block-heading stk-block-heading--v2 stk-block stk-aaac724\" id=\"posizione-magazzino-e-accesso\" data-block-id=\"aaac724\"><h4 class=\"stk-block-heading__text\">Posizione magazzino e accesso<\/h4><\/div>\n<\/div><\/div>\n\n\n\n<p>Il magazzino si trova in Via Cantonale 33-35, 6928 Manno, Box nr. 15 (rimessa auto a sinistra della Panetteria Pasticceria Zocchi). La chiave per aprire il magazzino si trova nella cassetta di sicurezza affissa al muro a lato del Box nr. 16. Il codice viene comunicato al momento del ritiro.<\/p>\n<\/div><\/div>\n\n\n\n<div class=\"wp-block-stackable-icon-box stk-block-icon-box stk-block stk-67ed416\" data-v=\"2\" data-block-id=\"67ed416\"><div class=\"stk-block-content stk-inner-blocks stk-block-icon-box__content stk-container stk-67ed416-container stk--no-background stk--no-padding\">\n<div class=\"wp-block-stackable-icon-label stk-block-icon-label stk-block stk-902305a\" data-block-id=\"902305a\"><style>.stk-902305a {margin-bottom:0px !important;}<\/style><div class=\"stk-row stk-inner-blocks stk-block-content\">\n<div class=\"wp-block-stackable-icon stk-block-icon has-text-align-left stk-block stk-62b1bbf\" data-block-id=\"62b1bbf\"><span class=\"stk--svg-wrapper\"><div class=\"stk--inner-svg\"><svg style=\"height:0;width:0\"><defs><linearGradient id=\"linear-gradient-62b1bbf\" x1=\"0\" x2=\"100%\" y1=\"0\" y2=\"0\"><stop offset=\"0%\" style=\"stop-opacity:1;stop-color:var(--linear-gradient-62-b-1-bbf-color-1)\"><\/stop><stop offset=\"100%\" style=\"stop-opacity:1;stop-color:var(--linear-gradient-62-b-1-bbf-color-2)\"><\/stop><\/linearGradient><\/defs><\/svg><svg xmlns=\"http:\/\/www.w3.org\/2000\/svg\" viewBox=\"0 0 512 512\" aria-hidden=\"true\" width=\"32\" height=\"32\"><path d=\"M256 8C119 8 8 119 8 256s111 248 248 248 248-111 248-248S393 8 256 8zm0 448c-110.5 0-200-89.5-200-200S145.5 56 256 56s200 89.5 200 200-89.5 200-200 200zm61.8-104.4l-84.9-61.7c-3.1-2.3-4.9-5.9-4.9-9.7V116c0-6.6 5.4-12 12-12h32c6.6 0 12 5.4 12 12v141.7l66.8 48.6c5.4 3.9 6.5 11.4 2.6 16.8L334.6 349c-3.9 5.3-11.4 6.5-16.8 2.6z\"><\/path><\/svg><\/div><\/span><\/div>\n\n\n\n<div class=\"wp-block-stackable-heading stk-block-heading stk-block-heading--v2 stk-block stk-e501aa5\" id=\"termine-richieste-ritiro-e-riconsegna\" data-block-id=\"e501aa5\"><h4 class=\"stk-block-heading__text\">Termine richieste, ritiro e riconsegna<\/h4><\/div>\n<\/div><\/div>\n\n\n\n<p>\u2713 Richiesta: entro le ore 12.00 del mercoled\u00ec antecedente l\u2019attivit\u00e0<br>\u2713 Ritiro: a partire dalle ore 19.00 del mercoled\u00ec antecedente l\u2019attivit\u00e0<br>\u2713 Riconsegna: al pi\u00f9 tardi entro le ore 12.00 del mercoled\u00ec successivo<\/p>\n<\/div><\/div>\n\n\n\n<div class=\"wp-block-stackable-icon-box stk-block-icon-box stk-block stk-60740ce\" data-v=\"2\" data-block-id=\"60740ce\"><div class=\"stk-block-content stk-inner-blocks stk-block-icon-box__content stk-container stk-60740ce-container stk--no-background stk--no-padding\">\n<div class=\"wp-block-stackable-icon-label stk-block-icon-label stk-block stk-87666f4\" data-block-id=\"87666f4\"><style>.stk-87666f4 {margin-bottom:0px !important;}<\/style><div class=\"stk-row stk-inner-blocks stk-block-content\">\n<div class=\"wp-block-stackable-icon stk-block-icon has-text-align-left stk-block stk-302494c\" data-block-id=\"302494c\"><span class=\"stk--svg-wrapper\"><div class=\"stk--inner-svg\"><svg style=\"height:0;width:0\"><defs><linearGradient id=\"linear-gradient-302494c\" x1=\"0\" x2=\"100%\" y1=\"0\" y2=\"0\"><stop offset=\"0%\" style=\"stop-opacity:1;stop-color:var(--linear-gradient-302494-c-color-1)\"><\/stop><stop offset=\"100%\" style=\"stop-opacity:1;stop-color:var(--linear-gradient-302494-c-color-2)\"><\/stop><\/linearGradient><\/defs><\/svg><svg xmlns=\"http:\/\/www.w3.org\/2000\/svg\" viewBox=\"0 0 512 512\" aria-hidden=\"true\" width=\"32\" height=\"32\"><path d=\"M139.61 35.5a12 12 0 0 0-17 0L58.93 98.81l-22.7-22.12a12 12 0 0 0-17 0L3.53 92.41a12 12 0 0 0 0 17l47.59 47.4a12.78 12.78 0 0 0 17.61 0l15.59-15.62L156.52 69a12.09 12.09 0 0 0 .09-17zm0 159.19a12 12 0 0 0-17 0l-63.68 63.72-22.7-22.1a12 12 0 0 0-17 0L3.53 252a12 12 0 0 0 0 17L51 316.5a12.77 12.77 0 0 0 17.6 0l15.7-15.69 72.2-72.22a12 12 0 0 0 .09-16.9zM64 368c-26.49 0-48.59 21.5-48.59 48S37.53 464 64 464a48 48 0 0 0 0-96zm432 16H208a16 16 0 0 0-16 16v32a16 16 0 0 0 16 16h288a16 16 0 0 0 16-16v-32a16 16 0 0 0-16-16zm0-320H208a16 16 0 0 0-16 16v32a16 16 0 0 0 16 16h288a16 16 0 0 0 16-16V80a16 16 0 0 0-16-16zm0 160H208a16 16 0 0 0-16 16v32a16 16 0 0 0 16 16h288a16 16 0 0 0 16-16v-32a16 16 0 0 0-16-16z\"><\/path><\/svg><\/div><\/span><\/div>\n\n\n\n<div class=\"wp-block-stackable-heading stk-block-heading stk-block-heading--v2 stk-block stk-bba2584\" id=\"lista-e-costo-materiale\" data-block-id=\"bba2584\"><h4 class=\"stk-block-heading__text\">Lista e costo materiale<\/h4><\/div>\n<\/div><\/div>\n\n\n\n<p>Il materiale cos\u00ec come il costo giornaliero sono indicati sul formulario lista materiale magazzino, disponibile al download:\u00a0<a href=\"https:\/\/casticino.ch\/wp-content\/uploads\/2025\/03\/Lista-materiele-magazzino-CAS-Ticino_v3.pdf\" data-type=\"link\" data-id=\"https:\/\/casticino.ch\/wp-content\/uploads\/2025\/03\/Lista-materiele-magazzino-CAS-Ticino_v3.pdf\" target=\"_blank\" rel=\"noreferrer noopener\">link al formulario<\/a><\/p>\n<\/div><\/div>\n\n\n\n<div class=\"wp-block-stackable-icon-box stk-block-icon-box stk-block stk-e450089\" data-v=\"2\" data-block-id=\"e450089\"><div class=\"stk-block-content stk-inner-blocks stk-block-icon-box__content stk-container stk-e450089-container stk--no-background stk--no-padding\">\n<div class=\"wp-block-stackable-icon-label stk-block-icon-label stk-block stk-7f81337\" data-block-id=\"7f81337\"><style>.stk-7f81337 {margin-bottom:0px !important;}<\/style><div class=\"stk-row stk-inner-blocks stk-block-content\">\n<div class=\"wp-block-stackable-icon stk-block-icon has-text-align-left stk-block stk-2b42f98\" data-block-id=\"2b42f98\"><span class=\"stk--svg-wrapper\"><div class=\"stk--inner-svg\"><svg style=\"height:0;width:0\"><defs><linearGradient id=\"linear-gradient-2b42f98\" x1=\"0\" x2=\"100%\" y1=\"0\" y2=\"0\"><stop offset=\"0%\" style=\"stop-opacity:1;stop-color:var(--linear-gradient-2-b-42-f-98-color-1)\"><\/stop><stop offset=\"100%\" style=\"stop-opacity:1;stop-color:var(--linear-gradient-2-b-42-f-98-color-2)\"><\/stop><\/linearGradient><\/defs><\/svg><svg xmlns=\"http:\/\/www.w3.org\/2000\/svg\" viewBox=\"0 0 512 512\" aria-hidden=\"true\" width=\"32\" height=\"32\"><path d=\"M416 320h-96c-17.6 0-32-14.4-32-32s14.4-32 32-32h96s96-107 96-160-43-96-96-96-96 43-96 96c0 25.5 22.2 63.4 45.3 96H320c-52.9 0-96 43.1-96 96s43.1 96 96 96h96c17.6 0 32 14.4 32 32s-14.4 32-32 32H185.5c-16 24.8-33.8 47.7-47.3 64H416c52.9 0 96-43.1 96-96s-43.1-96-96-96zm0-256c17.7 0 32 14.3 32 32s-14.3 32-32 32-32-14.3-32-32 14.3-32 32-32zM96 256c-53 0-96 43-96 96s96 160 96 160 96-107 96-160-43-96-96-96zm0 128c-17.7 0-32-14.3-32-32s14.3-32 32-32 32 14.3 32 32-14.3 32-32 32z\"><\/path><\/svg><\/div><\/span><\/div>\n\n\n\n<div class=\"wp-block-stackable-heading stk-block-heading stk-block-heading--v2 stk-block stk-ac2f88b\" id=\"procedura-passo-passo\" data-block-id=\"ac2f88b\"><h4 class=\"stk-block-heading__text\">Procedura passo-passo<\/h4><\/div>\n<\/div><\/div>\n\n\n\n<div class=\"wp-block-stackable-icon-list stk-block-icon-list stk-block stk-255e4a5\" data-block-id=\"255e4a5\"><style>.stk-255e4a5 .stk-block-icon-list-item__content{gap:9px !important;align-items:flex-start !important;margin-inline:0 auto !important;}.stk-255e4a5 {--stk-icon-height:17px !important;align-items:flex-start !important;display:flex !important;}<\/style><ol class=\"stk-block-icon-list__ol stk-block-icon-list--column\">\n<li class=\"wp-block-stackable-icon-list-item stk-block-icon-list-item stk-block stk-337c06e\" data-block-id=\"337c06e\"><div class=\"stk-block-icon-list-item__content\"><span class=\"stk-block-icon-list-item__marker\" aria-hidden=\"true\"><\/span><span class=\"stk-block-icon-list-item__text\">Il Capo Gita, o la persona da lui designata, compila il formulario lista materiale magazzino. La richiesta pu\u00f2 anche essere effettuata direttamente via whatsapp comunicando:<br>a. Responsabile (ritiro, riconsegna e pagamento)<br>b. Nome attivit\u00e0<br>c. Data e durata (in giorni) attivit\u00e0<br>d. Tipo attivit\u00e0: sezionale \/ OG \/ privata<br>e. Lista materiale<br>f. Costo totale<\/span><\/div><\/li>\n\n\n\n<li class=\"wp-block-stackable-icon-list-item stk-block-icon-list-item stk-block stk-bac6e2b\" data-block-id=\"bac6e2b\"><div class=\"stk-block-icon-list-item__content\"><span class=\"stk-block-icon-list-item__marker\" aria-hidden=\"true\"><\/span><span class=\"stk-block-icon-list-item__text\">La richiesta viene inoltrata al responsabile magazzino entro le ore 12.00 del mercoled\u00ec antecedente l\u2019attivit\u00e0.<\/span><\/div><\/li>\n\n\n\n<li class=\"wp-block-stackable-icon-list-item stk-block-icon-list-item stk-block stk-b61c2d0\" data-block-id=\"b61c2d0\"><div class=\"stk-block-icon-list-item__content\"><span class=\"stk-block-icon-list-item__marker\" aria-hidden=\"true\"><\/span><span class=\"stk-block-icon-list-item__text\">Il responsabile magazzino conferma la richiesta materiale e comunica i dettagli per il ritiro e il codice d\u2019accesso.<\/span><\/div><\/li>\n\n\n\n<li class=\"wp-block-stackable-icon-list-item stk-block-icon-list-item stk-block stk-877957b\" data-block-id=\"877957b\"><div class=\"stk-block-icon-list-item__content\"><span class=\"stk-block-icon-list-item__marker\" aria-hidden=\"true\"><\/span><span class=\"stk-block-icon-list-item__text\">Il materiale pu\u00f2 essere ritirato a partire dalle ore 19.00 del mercoled\u00ec antecedente l\u2019attivit\u00e0. Insieme al materiale viene fornito:<br>a. Eventuale\/i box per il trasporto del materiale<br>b. Copia del formulario<br>c. Busta per il pagamento in contanti<\/span><\/div><\/li>\n\n\n\n<li class=\"wp-block-stackable-icon-list-item stk-block-icon-list-item stk-block stk-9311ecb\" data-block-id=\"9311ecb\"><div class=\"stk-block-icon-list-item__content\"><span class=\"stk-block-icon-list-item__marker\" aria-hidden=\"true\"><\/span><span class=\"stk-block-icon-list-item__text\">Il materiale, compresi i box, sono da riconsegnare al pi\u00f9 tardi entro le ore 12.00 del mercoled\u00ec successivo all\u2019attivit\u00e0.<\/span><\/div><\/li>\n\n\n\n<li class=\"wp-block-stackable-icon-list-item stk-block-icon-list-item stk-block stk-b09d519\" data-block-id=\"b09d519\"><div class=\"stk-block-icon-list-item__content\"><span class=\"stk-block-icon-list-item__marker\" aria-hidden=\"true\"><\/span><span class=\"stk-block-icon-list-item__text\">Il pagamento, in contanti, \u00e8 da effettuare al momento della riconsegna, lasciando la somma totale nella busta fornita.<\/span><\/div><\/li>\n\n\n\n<li class=\"wp-block-stackable-icon-list-item stk-block-icon-list-item stk-block stk-906204d\" data-block-id=\"906204d\"><div class=\"stk-block-icon-list-item__content\"><span class=\"stk-block-icon-list-item__marker\" aria-hidden=\"true\"><\/span><span class=\"stk-block-icon-list-item__text\">Eventuali perdite o danneggiamenti sono da comunicare tempestivamente al responsabile di magazzino. Indicare inoltre eventuale livello batteria basso per i dispositivi elettronici (in particolare se inferiore a 50% per barryvox e radio).<br>Per informazioni, gite infrasettimanali, o altre richieste particolari si prega di prendere contatto con il responsabile.<\/span><\/div><\/li>\n<\/ol><\/div>\n<\/div><\/div>\n","protected":false},"excerpt":{"rendered":"<p>Richiesta materiale per attivit\u00e0 sezionali e gite private Il materiale cos\u00ec come il costo giornaliero sono indicati sul formulario lista materiale magazzino, disponibile al download:\u00a0link al formulario Discipline di applicazione Alpinismo \/ Mountain bike \/ Cascate di ghiaccio \/ ScialpinismoArrampicata \/ Racchette \/ Escursionismo \/ Bouldering Contatto Le richieste di materiale sono da inoltrare via [&hellip;]<\/p>\n","protected":false},"author":2,"featured_media":0,"parent":0,"menu_order":0,"comment_status":"closed","ping_status":"closed","template":"","meta":{"footnotes":""},"class_list":["post-4678","page","type-page","status-publish","hentry"],"featured_image_urls_v2":{"full":"","thumbnail":"","medium":"","medium_large":"","large":"","1536x1536":"","2048x2048":"","psacp-medium":""},"post_excerpt_stackable_v2":"<p>Richiesta materiale per attivit\u00e0 sezionali e gite private Il materiale cos\u00ec come il costo giornaliero sono indicati sul formulario lista materiale magazzino, disponibile al download:\u00a0link al formulario Discipline di applicazione Alpinismo \/ Mountain bike \/ Cascate di ghiaccio \/ ScialpinismoArrampicata \/ Racchette \/ Escursionismo \/ Bouldering Contatto Le richieste di materiale sono da inoltrare via mail, whatsapp o telefonicamente al responsabile:\u2713 Michele Foletti, tel. 079 241 69 55, mail: fole89@gmail.com. Posizione magazzino e accesso Il magazzino si trova in Via Cantonale 33-35, 6928 Manno, Box nr. 15 (rimessa auto a sinistra della Panetteria Pasticceria Zocchi). La chiave per aprire il&hellip;<\/p>\n","category_list_v2":"","author_info_v2":{"name":"Valeria Demarta","url":"https:\/\/casticino.ch\/?author=2"},"comments_num_v2":"0 commenti","_links":{"self":[{"href":"https:\/\/casticino.ch\/index.php?rest_route=\/wp\/v2\/pages\/4678","targetHints":{"allow":["GET"]}}],"collection":[{"href":"https:\/\/casticino.ch\/index.php?rest_route=\/wp\/v2\/pages"}],"about":[{"href":"https:\/\/casticino.ch\/index.php?rest_route=\/wp\/v2\/types\/page"}],"author":[{"embeddable":true,"href":"https:\/\/casticino.ch\/index.php?rest_route=\/wp\/v2\/users\/2"}],"replies":[{"embeddable":true,"href":"https:\/\/casticino.ch\/index.php?rest_route=%2Fwp%2Fv2%2Fcomments&post=4678"}],"version-history":[{"count":11,"href":"https:\/\/casticino.ch\/index.php?rest_route=\/wp\/v2\/pages\/4678\/revisions"}],"predecessor-version":[{"id":5187,"href":"https:\/\/casticino.ch\/index.php?rest_route=\/wp\/v2\/pages\/4678\/revisions\/5187"}],"wp:attachment":[{"href":"https:\/\/casticino.ch\/index.php?rest_route=%2Fwp%2Fv2%2Fmedia&parent=4678"}],"curies":[{"name":"wp","href":"https:\/\/api.w.org\/{rel}","templated":true}]}}