{"id":4380,"date":"2021-11-08T13:08:49","date_gmt":"2021-11-08T12:08:49","guid":{"rendered":"https:\/\/casticino.ch\/?page_id=4380"},"modified":"2025-11-06T10:39:59","modified_gmt":"2025-11-06T09:39:59","slug":"corso-freeride","status":"publish","type":"page","link":"https:\/\/casticino.ch\/?page_id=4380","title":{"rendered":"CORSO TECNICA SCI FUORI PISTA"},"content":{"rendered":"\n<div class=\"wp-block-stackable-columns stk-block-columns stk-block stk-e027b73\" data-block-id=\"e027b73\"><div class=\"stk-row stk-inner-blocks stk-block-content stk-content-align stk-e027b73-column\">\n<div class=\"wp-block-stackable-column stk-block-column stk-column stk-block stk-2d7c6f0\" data-v=\"4\" data-block-id=\"2d7c6f0\"><style>@media screen and (min-width: 768px){.stk-2d7c6f0 {flex:var(--stk-flex-grow, 1) 1 66.7% !important;}}<\/style><div class=\"stk-column-wrapper stk-block-column__content stk-container stk-2d7c6f0-container stk--no-background stk--no-padding\"><div class=\"stk-block-content stk-inner-blocks stk-2d7c6f0-inner-blocks\">\n<h3 class=\"wp-block-heading\">Corso Tecnica di sci fuori pista<\/h3>\n\n\n\n<div class=\"wp-block-stackable-spacer stk-block-spacer stk--no-padding stk-block stk-810f0b2\" data-block-id=\"810f0b2\"><\/div>\n\n\n\n<p>Da parecchi anni lo scialpinismo \u00e8 attivit\u00e0 sempre pi\u00f9 gradita. In molti si avvicinano a questo sport per assaporare ci\u00f2 che la montagna, in inverno, sa dare.<br>Complice la facilit\u00e0 di accesso a materiale fotografico e filmati, ci si immagini di tracciare serpentine voluttuose su ripidi pendii immacolati, con spruzzi di polvere e grida felici.<br>Purtroppo non \u00e8 sempre cos\u00ec, la neve non sempre ti permette di scivolare facilmente a valle e la conduzione dello sci risulta difficoltosa, anche ai pi\u00f9 provetti pistaioli.<\/p>\n\n\n\n<p>Il &#8220;Corso di tecnica fuoripista per principianti e non&#8221; ha come obbiettivo di donare ai partecipanti dritte e consigli su come affrontare i pendii al di fuori delle piste battute.<br>Questo corso \u00e8 indirizzato a coloro che frequentano le gite sezionali e che, al momento di girare le punte verso valle, si sentono in difficolt\u00e0. Il corso ha anche lo scopo di avvicinare neofiti alla disciplina dello scialpinismo. Non da ultimo, il corso offre sicuramente a sciatori navigati qualche dritta per affrontare anche i pendii e le condizioni pi\u00f9 ostiche.<\/p>\n<\/div><\/div><\/div>\n\n\n\n<div class=\"wp-block-stackable-column stk-block-column stk-column stk-block stk-cbeb29b\" data-v=\"4\" data-block-id=\"cbeb29b\"><style>@media screen and (min-width: 768px){.stk-cbeb29b {flex:var(--stk-flex-grow, 1) 1 33.3% !important;}}<\/style><div class=\"stk-column-wrapper stk-block-column__content stk-container stk-cbeb29b-container stk--no-background stk--no-padding\"><div class=\"has-text-align-center stk-block-content stk-inner-blocks stk-cbeb29b-inner-blocks\">\n<div class=\"wp-block-stackable-button-group stk-block-button-group stk-block stk-8347b86\" data-block-id=\"8347b86\"><div class=\"stk-row stk-inner-blocks stk-block-content stk-button-group\">\n<div class=\"wp-block-stackable-button stk-block-button stk-block stk-1b47eb5\" data-block-id=\"1b47eb5\"><style>.stk-1b47eb5 , .stk-1b47eb5 .stk-button{width:100% !important;}.stk-1b47eb5 {flex:1 0 var(--stk-button-group-flex-wrap, 0) !important;}.stk-1b47eb5 .stk-button{background:#4e7788 !important;border-radius:50px !important;}.stk-1b47eb5 .stk-button:before{box-shadow:none !important;}<\/style><a class=\"stk-link stk-button stk--hover-effect-darken\" href=\"https:\/\/casticino.ch\/wp-content\/uploads\/2021\/11\/equipaggiamento_freeride.pdf\" target=\"_blank\" rel=\"noreferrer noopener\"><span class=\"stk-button__inner-text\">Equipaggiamento<\/span><\/a><\/div>\n<\/div><\/div>\n\n\n\n<div class=\"wp-block-stackable-button-group stk-block-button-group stk-block stk-0d001cb\" data-block-id=\"0d001cb\"><div class=\"stk-row stk-inner-blocks stk-block-content stk-button-group\">\n<div class=\"wp-block-stackable-button stk-block-button stk-block stk-d992195\" data-block-id=\"d992195\"><style>.stk-d992195 , .stk-d992195 .stk-button{width:100% !important;}.stk-d992195 {flex:1 0 var(--stk-button-group-flex-wrap, 0) !important;}.stk-d992195 .stk-button{background:#4e7788 !important;border-radius:50px !important;}.stk-d992195 .stk-button:before{box-shadow:none !important;}<\/style><a class=\"stk-link stk-button stk--hover-effect-darken\" href=\"https:\/\/casticino.ch\/wp-content\/uploads\/2021\/08\/regolamento_gite-1.pdf\" target=\"_blank\" rel=\"noreferrer noopener\"><span class=\"stk-button__inner-text\">Regolamento gite<\/span><\/a><\/div>\n<\/div><\/div>\n\n\n\n<div class=\"wp-block-stackable-button-group stk-block-button-group stk-block stk-50d5226\" data-block-id=\"50d5226\"><div class=\"stk-row stk-inner-blocks stk-block-content stk-button-group\">\n<div class=\"wp-block-stackable-button stk-block-button stk-block stk-8257199\" data-block-id=\"8257199\"><style>.stk-8257199 , .stk-8257199 .stk-button{width:100% !important;}.stk-8257199 {flex:1 0 var(--stk-button-group-flex-wrap, 0) !important;}.stk-8257199 .stk-button{background:#4e7788 !important;border-top-left-radius:50px !important;border-top-right-radius:50px !important;border-bottom-right-radius:50px !important;border-bottom-left-radius:50px !important;}.stk-8257199 .stk-button:before{box-shadow:none !important;}<\/style><a class=\"stk-link stk-button stk--hover-effect-darken\" href=\"https:\/\/casticino.ch\/wp-content\/uploads\/2025\/11\/250131_Corso-CAS_Tecnica-di-sci-fuori-pista_2026_Piano-di-insegnamento_DOC.pdf\" target=\"_blank\" rel=\"noreferrer noopener\"><span class=\"stk-button__inner-text\">Obbiettivi 2026<\/span><\/a><\/div>\n<\/div><\/div>\n\n\n\n<div class=\"wp-block-stackable-button-group stk-block-button-group stk-block stk-9a38d2a\" data-block-id=\"9a38d2a\"><div class=\"stk-row stk-inner-blocks stk-block-content stk-button-group\">\n<div class=\"wp-block-stackable-button stk-block-button stk-block stk-cce0fa7\" data-block-id=\"cce0fa7\"><style>.stk-cce0fa7 , .stk-cce0fa7 .stk-button{width:100% !important;}.stk-cce0fa7 {flex:1 0 var(--stk-button-group-flex-wrap, 0) !important;}.stk-cce0fa7 .stk-button{background:#4e7788 !important;border-top-left-radius:50px !important;border-top-right-radius:50px !important;border-bottom-right-radius:50px !important;border-bottom-left-radius:50px !important;}.stk-cce0fa7 .stk-button:before{box-shadow:none !important;}<\/style><a class=\"stk-link stk-button stk--hover-effect-darken\" href=\"https:\/\/casticino.ch\/wp-content\/uploads\/2025\/11\/251031_Corso-CAS_Tecnica-di-sci-fuori-pista_2026_Scheda-informativa_DOC.pdf\" target=\"_blank\" rel=\"noreferrer noopener\"><span class=\"stk-button__inner-text\">Programma 2026<\/span><\/a><\/div>\n<\/div><\/div>\n\n\n\n<p><\/p>\n<\/div><\/div><\/div>\n<\/div><\/div>\n\n\n\n<figure class=\"wp-block-gallery has-nested-images columns-default is-cropped wp-block-gallery-1 is-layout-flex wp-block-gallery-is-layout-flex\">\n<figure class=\"wp-block-image size-large is-style-default\"><img loading=\"lazy\" decoding=\"async\" width=\"768\" height=\"1024\" data-id=\"5042\" src=\"https:\/\/casticino.ch\/wp-content\/uploads\/2024\/10\/Engelberg-3-768x1024.jpg\" alt=\"\" class=\"wp-image-5042\" srcset=\"https:\/\/casticino.ch\/wp-content\/uploads\/2024\/10\/Engelberg-3-768x1024.jpg 768w, https:\/\/casticino.ch\/wp-content\/uploads\/2024\/10\/Engelberg-3-225x300.jpg 225w, https:\/\/casticino.ch\/wp-content\/uploads\/2024\/10\/Engelberg-3-1152x1536.jpg 1152w, https:\/\/casticino.ch\/wp-content\/uploads\/2024\/10\/Engelberg-3.jpg 1200w\" sizes=\"auto, (max-width: 768px) 100vw, 768px\" \/><\/figure>\n\n\n\n<figure class=\"wp-block-image size-large\"><img loading=\"lazy\" decoding=\"async\" width=\"1024\" height=\"768\" data-id=\"5041\" src=\"https:\/\/casticino.ch\/wp-content\/uploads\/2024\/10\/Engelberg-2-1024x768.jpg\" alt=\"\" class=\"wp-image-5041\" srcset=\"https:\/\/casticino.ch\/wp-content\/uploads\/2024\/10\/Engelberg-2-1024x768.jpg 1024w, https:\/\/casticino.ch\/wp-content\/uploads\/2024\/10\/Engelberg-2-300x225.jpg 300w, https:\/\/casticino.ch\/wp-content\/uploads\/2024\/10\/Engelberg-2-768x576.jpg 768w, https:\/\/casticino.ch\/wp-content\/uploads\/2024\/10\/Engelberg-2-1536x1152.jpg 1536w, https:\/\/casticino.ch\/wp-content\/uploads\/2024\/10\/Engelberg-2.jpg 1600w\" sizes=\"auto, (max-width: 1024px) 100vw, 1024px\" \/><\/figure>\n\n\n\n<figure class=\"wp-block-image size-large\"><img loading=\"lazy\" decoding=\"async\" width=\"1024\" height=\"768\" data-id=\"5040\" src=\"https:\/\/casticino.ch\/wp-content\/uploads\/2024\/10\/Engelberg-1-1024x768.jpg\" alt=\"\" class=\"wp-image-5040\" srcset=\"https:\/\/casticino.ch\/wp-content\/uploads\/2024\/10\/Engelberg-1-1024x768.jpg 1024w, https:\/\/casticino.ch\/wp-content\/uploads\/2024\/10\/Engelberg-1-300x225.jpg 300w, https:\/\/casticino.ch\/wp-content\/uploads\/2024\/10\/Engelberg-1-768x576.jpg 768w, https:\/\/casticino.ch\/wp-content\/uploads\/2024\/10\/Engelberg-1-1536x1152.jpg 1536w, https:\/\/casticino.ch\/wp-content\/uploads\/2024\/10\/Engelberg-1.jpg 1600w\" sizes=\"auto, (max-width: 1024px) 100vw, 1024px\" \/><\/figure>\n<\/figure>\n\n\n\n<div style=\"height: 1000px;  width: 100%;\"> <iframe loading=\"lazy\" style=\"border: none; position: relative; width: 100%; height: 1000px;\" src=\"https:\/\/ssl.dropnet.ch\/casticino\/gite\/index.php?page=detail&amp;touren_nummer=1715\" name=\"DropTours\" width=\"1000\" height=\"1000\">\n<p>Il tuo browser non supporta gli iframe<\/p>\n<p>&nbsp;<\/p><\/iframe>\n<\/div>\n","protected":false},"excerpt":{"rendered":"<p>Corso Tecnica di sci fuori pista Da parecchi anni lo scialpinismo \u00e8 attivit\u00e0 sempre pi\u00f9 gradita. In molti si avvicinano a questo sport per assaporare ci\u00f2 che la montagna, in inverno, sa dare.Complice la facilit\u00e0 di accesso a materiale fotografico e filmati, ci si immagini di tracciare serpentine voluttuose su ripidi pendii immacolati, con spruzzi [&hellip;]<\/p>\n","protected":false},"author":2,"featured_media":0,"parent":0,"menu_order":0,"comment_status":"closed","ping_status":"closed","template":"","meta":{"footnotes":""},"class_list":["post-4380","page","type-page","status-publish","hentry"],"featured_image_urls_v2":{"full":"","thumbnail":"","medium":"","medium_large":"","large":"","1536x1536":"","2048x2048":"","psacp-medium":""},"post_excerpt_stackable_v2":"<p>Corso Tecnica di sci fuori pista Da parecchi anni lo scialpinismo \u00e8 attivit\u00e0 sempre pi\u00f9 gradita. In molti si avvicinano a questo sport per assaporare ci\u00f2 che la montagna, in inverno, sa dare.Complice la facilit\u00e0 di accesso a materiale fotografico e filmati, ci si immagini di tracciare serpentine voluttuose su ripidi pendii immacolati, con spruzzi di polvere e grida felici.Purtroppo non \u00e8 sempre cos\u00ec, la neve non sempre ti permette di scivolare facilmente a valle e la conduzione dello sci risulta difficoltosa, anche ai pi\u00f9 provetti pistaioli. Il &#8220;Corso di tecnica fuoripista per principianti e non&#8221; ha come obbiettivo di&hellip;<\/p>\n","category_list_v2":"","author_info_v2":{"name":"Valeria Demarta","url":"https:\/\/casticino.ch\/?author=2"},"comments_num_v2":"0 commenti","_links":{"self":[{"href":"https:\/\/casticino.ch\/index.php?rest_route=\/wp\/v2\/pages\/4380","targetHints":{"allow":["GET"]}}],"collection":[{"href":"https:\/\/casticino.ch\/index.php?rest_route=\/wp\/v2\/pages"}],"about":[{"href":"https:\/\/casticino.ch\/index.php?rest_route=\/wp\/v2\/types\/page"}],"author":[{"embeddable":true,"href":"https:\/\/casticino.ch\/index.php?rest_route=\/wp\/v2\/users\/2"}],"replies":[{"embeddable":true,"href":"https:\/\/casticino.ch\/index.php?rest_route=%2Fwp%2Fv2%2Fcomments&post=4380"}],"version-history":[{"count":15,"href":"https:\/\/casticino.ch\/index.php?rest_route=\/wp\/v2\/pages\/4380\/revisions"}],"predecessor-version":[{"id":5402,"href":"https:\/\/casticino.ch\/index.php?rest_route=\/wp\/v2\/pages\/4380\/revisions\/5402"}],"wp:attachment":[{"href":"https:\/\/casticino.ch\/index.php?rest_route=%2Fwp%2Fv2%2Fmedia&parent=4380"}],"curies":[{"name":"wp","href":"https:\/\/api.w.org\/{rel}","templated":true}]}}