{"id":34,"date":"2021-06-19T22:45:30","date_gmt":"2021-06-19T22:45:30","guid":{"rendered":"https:\/\/casticino.ch\/?page_id=34"},"modified":"2021-06-19T22:45:30","modified_gmt":"2021-06-19T22:45:30","slug":"attivita","status":"publish","type":"page","link":"https:\/\/casticino.ch\/?page_id=34","title":{"rendered":"ATTIVIT\u00c0"},"content":{"rendered":"\n<h3 class=\"wp-block-heading\">Attivit\u00e0<\/h3>\n\n\n\n<p>La montagna, il paesaggio, l\u2019ambiente naturale e l\u2019attivit\u00e0 fisica sono gli elementi che accomunano la nostra passione.<br>Il passare delle stagioni, le condizioni climatiche e meteorologiche ci condizionano e obbligano a pianificare le nostre uscite con particolare attenzione, ma ci permettono di conoscere la montagna in tutte le sue vesti.<br>Conoscere e far conoscere le bellezze dell\u2019ambiente e della montagna \u00e8 un obiettivo fondamentale di tutta la nostra attivit\u00e0 che si rivolge a tutte le fasce d\u2019et\u00e0 ai soci e altri interessati non soci.<\/p>\n\n\n\n<p>Oltre a vivere esperienze indimenticabili con noi la componente formazione e sicurezza sono fondamentali.<br>Un riguardo particolare lo dedichiamo anche a tutti i giovani che volessero avvicinarsi a quelle discipline sportive alpine dal freeride al freeclimbing in tutta sicurezza e sotto l\u2019occhio vigile di monitori e guide.<\/p>\n\n\n\n<p>Nel gruppo seniori chi una volta si esibiva su pareti e ghiacci potr\u00e0 continuare ad apprezzare la montagna con attivit\u00e0 meno estreme ma di sicuro interesse.<br>Attivit\u00e0 non \u00e8 per noi per\u00f2 solo muoversi in montagna, il soccorso alle persone in difficolt\u00e0 cos\u00ec come l\u2019aspetto culturale e naturale della montagna sono ambiti di cui in seno a questa nostra societ\u00e0 siamo attivi.<\/p>\n","protected":false},"excerpt":{"rendered":"<p>Attivit\u00e0 La montagna, il paesaggio, l\u2019ambiente naturale e l\u2019attivit\u00e0 fisica sono gli elementi che accomunano la nostra passione.Il passare delle stagioni, le condizioni climatiche e meteorologiche ci condizionano e obbligano a pianificare le nostre uscite con particolare attenzione, ma ci permettono di conoscere la montagna in tutte le sue vesti.Conoscere e far conoscere le bellezze [&hellip;]<\/p>\n","protected":false},"author":2,"featured_media":0,"parent":0,"menu_order":0,"comment_status":"closed","ping_status":"closed","template":"","meta":{"footnotes":""},"class_list":["post-34","page","type-page","status-publish","hentry"],"featured_image_urls_v2":{"full":"","thumbnail":"","medium":"","medium_large":"","large":"","1536x1536":"","2048x2048":"","psacp-medium":""},"post_excerpt_stackable_v2":"<p>Attivit\u00e0 La montagna, il paesaggio, l\u2019ambiente naturale e l\u2019attivit\u00e0 fisica sono gli elementi che accomunano la nostra passione.Il passare delle stagioni, le condizioni climatiche e meteorologiche ci condizionano e obbligano a pianificare le nostre uscite con particolare attenzione, ma ci permettono di conoscere la montagna in tutte le sue vesti.Conoscere e far conoscere le bellezze dell\u2019ambiente e della montagna \u00e8 un obiettivo fondamentale di tutta la nostra attivit\u00e0 che si rivolge a tutte le fasce d\u2019et\u00e0 ai soci e altri interessati non soci. Oltre a vivere esperienze indimenticabili con noi la componente formazione e sicurezza sono fondamentali.Un riguardo particolare lo&hellip;<\/p>\n","category_list_v2":"","author_info_v2":{"name":"Valeria Demarta","url":"https:\/\/casticino.ch\/?author=2"},"comments_num_v2":"0 commenti","_links":{"self":[{"href":"https:\/\/casticino.ch\/index.php?rest_route=\/wp\/v2\/pages\/34","targetHints":{"allow":["GET"]}}],"collection":[{"href":"https:\/\/casticino.ch\/index.php?rest_route=\/wp\/v2\/pages"}],"about":[{"href":"https:\/\/casticino.ch\/index.php?rest_route=\/wp\/v2\/types\/page"}],"author":[{"embeddable":true,"href":"https:\/\/casticino.ch\/index.php?rest_route=\/wp\/v2\/users\/2"}],"replies":[{"embeddable":true,"href":"https:\/\/casticino.ch\/index.php?rest_route=%2Fwp%2Fv2%2Fcomments&post=34"}],"version-history":[{"count":1,"href":"https:\/\/casticino.ch\/index.php?rest_route=\/wp\/v2\/pages\/34\/revisions"}],"predecessor-version":[{"id":35,"href":"https:\/\/casticino.ch\/index.php?rest_route=\/wp\/v2\/pages\/34\/revisions\/35"}],"wp:attachment":[{"href":"https:\/\/casticino.ch\/index.php?rest_route=%2Fwp%2Fv2%2Fmedia&parent=34"}],"curies":[{"name":"wp","href":"https:\/\/api.w.org\/{rel}","templated":true}]}}